{"id":3146,"date":"2020-06-09T12:56:14","date_gmt":"2020-06-09T12:56:14","guid":{"rendered":"https:\/\/elg.is\/?page_id=3146"},"modified":"2020-06-09T12:56:57","modified_gmt":"2020-06-09T12:56:57","slug":"vogmaerin-a-eyri","status":"publish","type":"page","link":"https:\/\/elg.is\/?page_id=3146","title":{"rendered":"Vogm\u00e6rin \u00e1 Eyri"},"content":{"rendered":"\n<div class=\"wp-block-columns is-layout-flex wp-container-core-columns-is-layout-1 wp-block-columns-is-layout-flex\">\n<div class=\"wp-block-column is-layout-flow wp-block-column-is-layout-flow\">\n<p>&nbsp; Fyrir sunnan Kalmannstj\u00f6rn eru grasi vaxnir h\u00f3lar vi\u00f0 sj\u00f3inn og \u00f3tal r\u00fastir og gar\u00f0brot; eru \u00feetta leifar af gamalli byg\u00f0. \u00dear var Kirkjuh\u00f6fn, og er sagt, a\u00f0 \u00fear hafi veri\u00f0 kirkjusta\u00f0ur til forna og miki\u00f0 \u00fatr\u00e6\u00f0i. Einnig var \u00fear b\u00fdli, er Sandh\u00f6fn nefndist.<br \/>&nbsp; Nokkru sunnar er nes eitt, er gengur til \u00fatnor\u00f0urs \u00ed sj\u00f3 fram, fyrir nor\u00f0an Hafnaberg. \u00c1 nesi \u00feessu var b\u00fdli \u00fea\u00f0, er Eyri h\u00e9t, og var \u00fear bygg\u00f0 til \u00e1rsins 1776; fylgdi \u00fev\u00ed t\u00f6luver\u00f0 grasnyt og \u00fatr\u00e6\u00f0i afbrag\u00f0s gott. F\u00e1tt er m\u00f6nnum kunnugt um fyrri b\u00faendur \u00e1 Eyri, nema Gr\u00edm \u00feann, er Hallgr\u00edmur P\u00e9tursson orti um v\u00edsuna:<\/p>\n\n\n\n<p><em>\u201eGr\u00edmur \u00e1 Eyri gerir sem fleiri,<br \/>gengur hann \u00fat\u201c, o.s.frv.<\/em><\/p>\n\n\n\n<p>&nbsp; Var s\u00edra Hallgr\u00edmur \u00fe\u00e1 prestur \u00e1 Hvalsnesi. S\u00ed\u00f0astur b\u00f3ndi \u00e1 Eyri h\u00e9t Ormur \u00de\u00f3rarinsson, en kona hans Gunnv\u00f6r \u00c1rnad\u00f3ttir. Br\u00f3\u00f0ir \u00e1tti Ormur, er \u00de\u00f3rarinn h\u00e9t og var \u00fe\u00e1 b\u00f3ndi a\u00f0 Kalmannstj\u00f6rn. Stunda\u00f0i Ormur b\u00f3ndi mest sj\u00f3mennsku, \u00fev\u00ed a\u00f0 grasnyt var um \u00fe\u00e6r mundir or\u00f0in l\u00edtil \u00e1 Eyri.<br \/>&nbsp; Sagt er, a\u00f0 haust eitt hafi komi\u00f0 ma\u00f0ur nokkur til Orms b\u00f3nda, er Ari h\u00e9t. Var hann skipasmi\u00f0ur g\u00f3\u00f0ur, en dulur \u00ed skapi og hj\u00e1tr\u00faarfullur mj\u00f6g. Vann hann a\u00f0 skipasm\u00ed\u00f0i hj\u00e1 b\u00f3nda og lagf\u00e6r\u00f0i \u00fdmislegt, b\u00e6\u00f0i utan h\u00fass og innan. Var Ari \u00e1 Eyri um hausti\u00f0 og fram yfir h\u00e1t\u00ed\u00f0ir. En eftir n\u00fd\u00e1ri\u00f0 haf\u00f0i Ari or\u00f0 \u00e1 \u00fev\u00ed vi\u00f0 Orm b\u00f3nda, a\u00f0 veri\u00f0 g\u00e6ti a\u00f0 hann yr\u00f0i h\u00e1seti hj\u00e1 honum um vetrarvert\u00ed\u00f0ina, ef vel semdist me\u00f0 \u00feeim. En svo haga\u00f0i til \u00e1 Eyri, a\u00f0 b\u00e6rinn st\u00f3\u00f0 alveg fram vi\u00f0 sj\u00f3inn; var a\u00f0eins malarkampur \u00e1 milli b\u00e6jar og lendingar, en \u00e1 honum st\u00f3\u00f0u \u00fatih\u00fas. Sundi\u00f0 var stutt, en \u00ed \u00fev\u00ed mi\u00f0ju var sker eitt stj\u00f3rnbor\u00f0smegin, er inn var r\u00f3i\u00f0; var \u00fea\u00f0 kalla\u00f0 B\u00e6nasker, \u00fev\u00ed lesi\u00f0 var \u00e6t\u00ed\u00f0, er fari\u00f0 var fram hj\u00e1 \u00fev\u00ed \u00e1 morgnana.<br \/>&nbsp; \u00c1 \u00ferett\u00e1nda dags kv\u00f6ld j\u00f3la var ve\u00f0ur gott, logn, tunglskin og frost miki\u00f0. F\u00f3r \u00fe\u00e1 st\u00falka ein um kv\u00f6ldi\u00f0 \u00fat \u00ed fiskihjall a\u00f0 n\u00e1 \u00ed l\u00fdsi til lj\u00f3smetis. En er h\u00fan kemur fram a\u00f0 h\u00fasunum, ver\u00f0ur henni liti\u00f0 ni\u00f0ur a\u00f0 sj\u00f3num. S\u00e9r h\u00fan \u00fe\u00e1, s\u00e9r til mikillar undrunar, hvar t\u00ed\u00e6ringur kemur inn sundi\u00f0 og er \u00f3\u00f0ara kominn inn \u00ed mi\u00f0ja v\u00f6r. \u00dea\u00f0 \u00feykir st\u00falkunni \u00fe\u00f3 kynlegast, a\u00f0 h\u00fan heyrir ekkert hlj\u00f3\u00f0 \u00ed skelliskautunum, og s\u00fdndist henni h\u00e1setar \u00fe\u00f3 r\u00f3a kn\u00e1lega, en a\u00f0 sama skapi hengur illa hj\u00e1 \u00feeim, er inn \u00ed v\u00f6rina er komi\u00f0. En forma\u00f0ur situr aftur \u00e1 bitanum og hamlar duglega og kve\u00f0ur v\u00edsu vi\u00f0 raust, og var efni\u00f0 svona:<\/p>\n\n\n\n<p><em>Einn \u00ed h\u00f3p, einn \u00ed h\u00f3p<br \/>oss skortir enn;<br \/>engin \u00f3p, engin \u00f3p<br \/>eiga vi\u00f0 menn.<\/em><\/p>\n\n\n\n<p>&nbsp; Hleypur n\u00fa st\u00falkan inn \u00ed b\u00e6 og segir t\u00ed\u00f0indin. Fer Ormur samstundis \u00fat me\u00f0 h\u00faskarla s\u00edna, en er \u00feeir koma a\u00f0 \u00fatih\u00fasunum frammi \u00e1 malarkampinum, sj\u00e1 \u00feeir ekkert skip \u00ed v\u00f6rinni, en kj\u00f6lfari\u00f0 sj\u00e1 \u00feeir fram eftir sundinu \u00ed logninu. Fara \u00feeir \u00fe\u00e1 til b\u00e6jar, og var\u00f0 m\u00f6nnum t\u00ed\u00f0r\u00e6tt um atbur\u00f0 \u00feennan, og l\u00f6g\u00f0u \u00fdmsir misjafnt til um merkingu hans.<br \/>&nbsp; <br \/>&nbsp; <\/p>\n\n\n\n<p><\/p>\n\n\n\n<p>&nbsp; <\/p>\n\n\n\n<p><\/p>\n<\/div>\n\n\n\n<div class=\"wp-block-column is-layout-flow wp-block-column-is-layout-flow\">\n<p>Nokkrum d\u00f6gum fyrir kyndilmessu, ger\u00f0i \u00fatsynning og brim. Gekk Ari \u00fe\u00e1 morgun einn me\u00f0 sj\u00f3 fram su\u00f0ur a\u00f0 berginu og leit eftir reka. Fann hann \u00fe\u00e1 vogmey \u00ed fl\u00e6\u00f0arm\u00e1linu, feikist\u00f3ra og silfurfagra s\u00fdnum. Breg\u00f0ur Ara n\u00fa mj\u00f6g vi\u00f0 \u00feetta, \u00fev\u00ed a\u00f0 \u00fea\u00f0 er g\u00f6mul tr\u00fa \u00e1 Su\u00f0urnesjum, a\u00f0 sl\u00edkt vogrek bo\u00f0i anna\u00f0hvort hvalreka e\u00f0a skipstapa.<br \/>&nbsp; Kemur Ara \u00fe\u00e1 \u00feegar \u00ed hug s\u00fdn st\u00falkunnar \u00e1 \u00ferett\u00e1ndanum, og finnst honum n\u00fa flest bera a\u00f0 sama brunni um forl\u00f6g Orms b\u00f3nda og \u00feeirra h\u00e1seta hans. Tekur hann n\u00fa vogmeyna og ur\u00f0ar hana \u00ed skyndi uppi \u00ed malarkampinum og nefnir ekki atbur\u00f0 \u00feennan vi\u00f0 nokkurn mann.<br \/>Morguninn eftir kl\u00e6\u00f0ist Ari snemma og skreppur inn til Kalmannstjarnar; er hann \u00fear allan daginn og kemur ekki \u00fat \u00e1 Eyri, fyrr en komi\u00f0 er fram \u00e1 v\u00f6ku. Segir hann \u00fe\u00e1 Ormi, a\u00f0 \u00de\u00f3rarinn, br\u00f3\u00f0ir hans, hafi lagt svo fast a\u00f0 s\u00e9r a\u00f0 r\u00f3a \u00e1 skipi s\u00ednu, a\u00f0 hann kve\u00f0st loks hafa l\u00e1ti\u00f0 undan \u00fer\u00e1bei\u00f0ni hans og r\u00e1\u00f0i\u00f0 sig hj\u00e1 honum um vert\u00ed\u00f0ina. Lag\u00f0i Ormur f\u00e1tt til \u00feessra m\u00e1la, \u00fev\u00ed a\u00f0 k\u00e6rt var me\u00f0 \u00feeim br\u00e6\u00f0rum, \u00fe\u00f3tti \u00fe\u00f3 mi\u00f0ur a\u00f0 missa Ara vegna landverka hans. Fer Ari a\u00f0 \u00fev\u00ed b\u00fanu til \u00de\u00f3rarins \u00e1 Kalmannstj\u00f6rn; takast n\u00fa vert\u00ed\u00f0arr\u00f3\u00f0rar og er allt t\u00ed\u00f0indalaust.<br \/>&nbsp; Vert\u00ed\u00f0 \u00feessa voru g\u00e6ftir fremur stir\u00f0ar, er f\u00e6rafiskur var mikill fram undan Kistubergi svo nefndu.<br \/>&nbsp; \u00de\u00e1 er li\u00f0i\u00f0 er nokku\u00f0 \u00e1 vert\u00ed\u00f0, dreymir konu eina \u00e1 Kalmannstj\u00f6rn, a\u00f0 til hennar kemur ma\u00f0ur einn og segir vi\u00f0 hana: \u201e\u00c6rnir eru \u00e1vextir \u00c6gis, en \u00e6gilegri t\u00f6k hans\u201c.<br \/>&nbsp; Kve\u00f0ur hann s\u00ed\u00f0an v\u00edsu \u00feessa:<\/p>\n\n\n\n<p><em>B\u00e1rafleygur beztur er,<br \/>bylgur s\u00e6var stillir;<br \/>bl\u00ed\u00f0ast inn vi\u00f0 B\u00e6nasker<br \/>brimi\u00f0 str\u00f6ndu hyllir.<\/em><\/p>\n\n\n\n<p>Sag\u00f0i kona \u00feessi \u00de\u00f3rarni b\u00f3nda drauminn, en hann lag\u00f0i eigi tr\u00fana\u00f0 \u00e1. Nokkrum d\u00f6gum s\u00ed\u00f0ar r\u00e6r \u00de\u00f3rarinn su\u00f0ur fyrir Hafnaberg; var \u00fe\u00e1 \u00fatsynningur, en lygnt ve\u00f0ur og nokkur hro\u00f0i \u00ed sj\u00f3. Sat hann stutta sund \u00e1 f\u00e6rum, \u00fev\u00ed a\u00f0 vind herti og brima\u00f0i skj\u00f3tt. \u00de\u00e1 er \u00de\u00f3rarinn var kominn inn undir Eyri, var brim t\u00f6luvert, en samt h\u00e9lt \u00de\u00f3rarinn inn til Kalmannstjarnar. En er a\u00f0 sundinu kom, var \u00fear veltubrim; lag\u00f0ist hann til laga, en \u00fe\u00f3 f\u00f3r svo, a\u00f0 skip hans f\u00f3rst \u00e1 sundinu. Sagt var, a\u00f0 f\u00e6rt hafi veri\u00f0 a\u00f0 lenda \u00e1 Eyri, en \u00de\u00f3rarinn myndi ekki hafa skeytt \u00fev\u00ed og tali\u00f0 f\u00e6rt a\u00f0 lenda heima hj\u00e1 s\u00e9r; en a\u00f0rir s\u00f6g\u00f0u, a\u00f0 b\u00e1rufleygur hans hef\u00f0i veri\u00f0 \u00ed \u00f3lagi, er \u00e1 sundi\u00f0 kom.<br \/>&nbsp; \u00cd vert\u00ed\u00f0arlok rak rey\u00f0arfisk mikinn hj\u00e1 svonefndum Klaufum fyrir sunnan Eyri, n\u00e1l\u00e6gt \u00feeim sta\u00f0, er Ari fann vogmeyna. Var hvalurinn \u00f6llum au\u00f0f\u00fasugestur. En eftir l\u00e1t \u00de\u00f3rarins fluttist Ormur til Kalmannstjarnar \u00e1 eign br\u00f3\u00f0ur s\u00edns, og hefur eigi bygg\u00f0 veri\u00f0 s\u00ed\u00f0an \u00e1 Eyri.<\/p>\n\n\n\n<p><em>-Rau\u00f0skinna hin n\u00fdrri,<br \/>fr\u00e1s\u00f6gn Gu\u00f0r\u00fanar Gu\u00f0mundsd\u00f3ttur fr\u00e1 Kotvogi.<\/em><\/p>\n<\/div>\n<\/div>\n","protected":false},"excerpt":{"rendered":"<p>&nbsp; Fyrir sunnan Kalmannstj\u00f6rn eru grasi vaxnir h\u00f3lar vi\u00f0 sj\u00f3inn og \u00f3tal r\u00fastir og gar\u00f0brot; eru \u00feetta leifar af gamalli byg\u00f0. \u00dear var Kirkjuh\u00f6fn, og er sagt, a\u00f0 \u00fear hafi veri\u00f0 kirkjusta\u00f0ur til forna og miki\u00f0 \u00fatr\u00e6\u00f0i. Einnig var \u00fear &hellip; <a href=\"https:\/\/elg.is\/?page_id=3146\">Continued<\/a><\/p>\n","protected":false},"author":2,"featured_media":0,"parent":0,"menu_order":0,"comment_status":"closed","ping_status":"closed","template":"","meta":{"kt_blocks_editor_width":"","jetpack_post_was_ever_published":false,"footnotes":""},"jetpack_sharing_enabled":true,"jetpack_shortlink":"https:\/\/wp.me\/P9GOIz-OK","jetpack_likes_enabled":true,"_links":{"self":[{"href":"https:\/\/elg.is\/index.php?rest_route=\/wp\/v2\/pages\/3146"}],"collection":[{"href":"https:\/\/elg.is\/index.php?rest_route=\/wp\/v2\/pages"}],"about":[{"href":"https:\/\/elg.is\/index.php?rest_route=\/wp\/v2\/types\/page"}],"author":[{"embeddable":true,"href":"https:\/\/elg.is\/index.php?rest_route=\/wp\/v2\/users\/2"}],"replies":[{"embeddable":true,"href":"https:\/\/elg.is\/index.php?rest_route=%2Fwp%2Fv2%2Fcomments&post=3146"}],"version-history":[{"count":3,"href":"https:\/\/elg.is\/index.php?rest_route=\/wp\/v2\/pages\/3146\/revisions"}],"predecessor-version":[{"id":3149,"href":"https:\/\/elg.is\/index.php?rest_route=\/wp\/v2\/pages\/3146\/revisions\/3149"}],"wp:attachment":[{"href":"https:\/\/elg.is\/index.php?rest_route=%2Fwp%2Fv2%2Fmedia&parent=3146"}],"curies":[{"name":"wp","href":"https:\/\/api.w.org\/{rel}","templated":true}]}}